{"id":2311,"date":"2018-04-23T08:34:56","date_gmt":"2018-04-23T11:34:56","guid":{"rendered":"https:\/\/ameliapousada.com.br\/diarias-2\/"},"modified":"2023-07-16T18:10:01","modified_gmt":"2023-07-16T21:10:01","slug":"2311-2","status":"publish","type":"page","link":"https:\/\/ameliapousada.com.br\/en\/2311-2\/","title":{"rendered":"DAILY"},"content":{"rendered":"\n<style type=\"text\/css\" data-created_by=\"avia_inline_auto\" id=\"style-css-av-av_section-610241ec213a339867f810861bb9a6cd\">\n.avia-section.av-av_section-610241ec213a339867f810861bb9a6cd{\nbackground-repeat:repeat;\nbackground-image:url(https:\/\/ameliapousada.com.br\/wp-content\/uploads\/2015\/11\/fundo_amelia_1.jpg);\nbackground-position:50% 0%;\nbackground-attachment:scroll;\n}\n<\/style>\n<div id='av_section_1'  class='avia-section av-av_section-610241ec213a339867f810861bb9a6cd alternate_color avia-section-default avia-no-border-styling  avia-builder-el-0  el_before_av_section  avia-builder-el-first  avia-bg-style-scroll container_wrap fullsize'  data-section-bg-repeat='repeat'><div class='container av-section-cont-open' ><main  role=\"main\" itemprop=\"mainContentOfPage\"  class='template-page content  av-content-full alpha units'><div class='post-entry post-entry-type-page post-entry-2311'><div class='entry-content-wrapper clearfix'>\n\n<style type=\"text\/css\" data-created_by=\"avia_inline_auto\" id=\"style-css-av-av_textblock-2c4666f3ab4f7ce91aecfa132518884d\">\n#top .av_textblock_section.av-av_textblock-2c4666f3ab4f7ce91aecfa132518884d .avia_textblock{\nfont-size:40px;\n}\n<\/style>\n<section  class='av_textblock_section av-av_textblock-2c4666f3ab4f7ce91aecfa132518884d'  itemscope=\"itemscope\" itemtype=\"https:\/\/schema.org\/CreativeWork\" ><div class='avia_textblock'  itemprop=\"text\" ><h2 style=\"text-align: center;\">DI\u00c1RIAS<\/h2>\n<\/div><\/section>\n\n<\/div><\/div><\/main><!-- close content main element --><\/div><\/div>\n<style type=\"text\/css\" data-created_by=\"avia_inline_auto\" id=\"style-css-av-av_section-0f7ea5e5d9f251496883107ef40ffe9a\">\n.avia-section.av-av_section-0f7ea5e5d9f251496883107ef40ffe9a .av-section-color-overlay{\nopacity:0.5;\nbackground-color:#f2f2f2;\nbackground-image:url(https:\/\/ameliapousada.com.br\/wp-content\/themes\/enfold\/images\/background-images\/dots-mini-light.png);\nbackground-repeat:repeat;\n}\n<\/style>\n<div id='av_section_2'  class='avia-section av-av_section-0f7ea5e5d9f251496883107ef40ffe9a main_color avia-section-default avia-no-shadow  avia-builder-el-2  el_after_av_section  el_before_av_section  avia-bg-style-scroll av-section-color-overlay-active container_wrap fullsize'  ><div class=\"av-section-color-overlay-wrap\"><div class=\"av-section-color-overlay\"><\/div><div class='container av-section-cont-open' ><div class='template-page content  av-content-full alpha units'><div class='post-entry post-entry-type-page post-entry-2311'><div class='entry-content-wrapper clearfix'>\n\n<style type=\"text\/css\" data-created_by=\"avia_inline_auto\" id=\"style-css-av-av_textblock-2c4666f3ab4f7ce91aecfa132518884d\">\n#top .av_textblock_section.av-av_textblock-2c4666f3ab4f7ce91aecfa132518884d .avia_textblock{\nfont-size:40px;\n}\n<\/style>\n<section  class='av_textblock_section av-av_textblock-2c4666f3ab4f7ce91aecfa132518884d'  itemscope=\"itemscope\" itemtype=\"https:\/\/schema.org\/CreativeWork\" ><div class='avia_textblock'  itemprop=\"text\" ><h2 style=\"text-align: center;\">APARTAMENTO STANDARD<\/h2>\n<\/div><\/section>\n\n<style type=\"text\/css\" data-created_by=\"avia_inline_auto\" id=\"style-css-av-av_one_half-6126cab7d8fab8d08143dd2dacdf673c\">\n.flex_column.av-av_one_half-6126cab7d8fab8d08143dd2dacdf673c{\n-webkit-border-radius:0px 0px 0px 0px;\n-moz-border-radius:0px 0px 0px 0px;\nborder-radius:0px 0px 0px 0px;\npadding:0px 0px 0px 0px;\n}\n<\/style>\n<div class='flex_column av-av_one_half-6126cab7d8fab8d08143dd2dacdf673c av_one_half  avia-builder-el-4  el_after_av_textblock  el_before_av_one_half  first flex_column_div av-zero-column-padding column-top-margin'     ><div class='avia-data-table-wrap av-av_table-79567314f19fdf27597651e950bcbb3a avia_responsive_table avia-table-1'><table  class='avia-table avia-data-table avia_pricing_default  avia-builder-el-5  avia-builder-el-no-sibling '  itemscope=\"itemscope\" itemtype=\"https:\/\/schema.org\/Table\" ><tbody><tr class='avia-heading-row'><th class=''>Segunda a Quinta-feira (sem evento)<\/th><th class=''>Incluso<\/th><th class=''>Valor (R$)<\/th><th class=''>Pagamento em dinheiro<\/th><\/tr><tr class=''><td class=''>Di\u00e1ria 1 pessoa <\/td><td class=''>Caf\u00e9 da manh\u00e3<\/td><td class=''>R$100,00<\/td><td class=''>R$90,00* (m\u00ednimo de 2 dias hospedagem)<\/td><\/tr><tr class=''><td class=''>Di\u00e1ria 2 pessoas<\/td><td class=''>Caf\u00e9 da manh\u00e3<\/td><td class=''>R$160,00<\/td><td class=''>R$150,00<\/td><\/tr><tr class=''><td class=''>Di\u00e1ria 3 pessoas<\/td><td class=''>Caf\u00e9 da manh\u00e3<\/td><td class=''>R$240,00<\/td><td class=''>R$210,00<\/td><\/tr><\/tbody><\/table><\/div><style type='text\/css'>.avia-table-1 td:nth-of-type(1):before { content: 'Segunda a Quinta-feira (sem evento)'; } .avia-table-1 td:nth-of-type(2):before { content: 'Incluso'; } .avia-table-1 td:nth-of-type(3):before { content: 'Valor (R$)'; } .avia-table-1 td:nth-of-type(4):before { content: 'Pagamento em dinheiro'; } <\/style><\/div>\n<style type=\"text\/css\" data-created_by=\"avia_inline_auto\" id=\"style-css-av-av_one_half-0aa7055fe62c3622faec82866afbaeb2\">\n.flex_column.av-av_one_half-0aa7055fe62c3622faec82866afbaeb2{\n-webkit-border-radius:0px 0px 0px 0px;\n-moz-border-radius:0px 0px 0px 0px;\nborder-radius:0px 0px 0px 0px;\npadding:0px 0px 0px 0px;\n}\n<\/style>\n<div class='flex_column av-av_one_half-0aa7055fe62c3622faec82866afbaeb2 av_one_half  avia-builder-el-6  el_after_av_one_half  avia-builder-el-last  flex_column_div av-zero-column-padding column-top-margin'     ><div class='avia-data-table-wrap av-av_table-79567314f19fdf27597651e950bcbb3a avia_responsive_table avia-table-2'><table  class='avia-table avia-data-table avia_pricing_default  avia-builder-el-7  avia-builder-el-no-sibling '  itemscope=\"itemscope\" itemtype=\"https:\/\/schema.org\/Table\" ><tbody><tr class='avia-heading-row'><th class=''>Sexta-feira a Domingo (sem evento)<\/th><th class=''>Incluso<\/th><th class=''>Valor (R$)<\/th><th class=''>Pagamento em dinheiro<\/th><\/tr><tr class=''><td class=''>Di\u00e1ria 1 pessoa<\/td><td class=''>Caf\u00e9 da manh\u00e3<\/td><td class=''>R$100,00<\/td><td class=''>R$90,00* (m\u00ednimo de 2 dias hospedagem) <\/td><\/tr><tr class=''><td class=''>Di\u00e1ria 2 pessoas<\/td><td class=''>Caf\u00e9 da manh\u00e3<\/td><td class=''>R$170,00<\/td><td class=''>R$160,00<\/td><\/tr><tr class=''><td class=''>Di\u00e1ria 3 pessoas<\/td><td class=''>Caf\u00e9 da manh\u00e3<\/td><td class=''>R$250,00<\/td><td class=''>R$220,00<\/td><\/tr><\/tbody><\/table><\/div><style type='text\/css'>.avia-table-2 td:nth-of-type(1):before { content: 'Sexta-feira a Domingo (sem evento)'; } .avia-table-2 td:nth-of-type(2):before { content: 'Incluso'; } .avia-table-2 td:nth-of-type(3):before { content: 'Valor (R$)'; } .avia-table-2 td:nth-of-type(4):before { content: 'Pagamento em dinheiro'; } <\/style><\/div>\n\n<\/div><\/div><\/div><!-- close content main div --><\/div><\/div><\/div>\n<style type=\"text\/css\" data-created_by=\"avia_inline_auto\" id=\"style-css-av-av_section-0f7ea5e5d9f251496883107ef40ffe9a\">\n.avia-section.av-av_section-0f7ea5e5d9f251496883107ef40ffe9a .av-section-color-overlay{\nopacity:0.5;\nbackground-color:#f2f2f2;\nbackground-image:url(https:\/\/ameliapousada.com.br\/wp-content\/themes\/enfold\/images\/background-images\/dots-mini-light.png);\nbackground-repeat:repeat;\n}\n<\/style>\n<div id='av_section_3'  class='avia-section av-av_section-0f7ea5e5d9f251496883107ef40ffe9a main_color avia-section-default avia-no-shadow  avia-builder-el-8  el_after_av_section  el_before_av_section  avia-bg-style-scroll av-section-color-overlay-active container_wrap fullsize'  ><div class=\"av-section-color-overlay-wrap\"><div class=\"av-section-color-overlay\"><\/div><div class='container av-section-cont-open' ><div class='template-page content  av-content-full alpha units'><div class='post-entry post-entry-type-page post-entry-2311'><div class='entry-content-wrapper clearfix'>\n\n<style type=\"text\/css\" data-created_by=\"avia_inline_auto\" id=\"style-css-av-av_textblock-2c4666f3ab4f7ce91aecfa132518884d\">\n#top .av_textblock_section.av-av_textblock-2c4666f3ab4f7ce91aecfa132518884d .avia_textblock{\nfont-size:40px;\n}\n<\/style>\n<section  class='av_textblock_section av-av_textblock-2c4666f3ab4f7ce91aecfa132518884d'  itemscope=\"itemscope\" itemtype=\"https:\/\/schema.org\/CreativeWork\" ><div class='avia_textblock'  itemprop=\"text\" ><h2 style=\"text-align: center;\">CHAL\u00c9S<\/h2>\n<\/div><\/section>\n<div class='avia-data-table-wrap av-av_table-79567314f19fdf27597651e950bcbb3a avia_responsive_table avia-table-3'><table  class='avia-table avia-data-table avia_pricing_default  avia-builder-el-10  el_after_av_textblock  el_before_av_textblock '  itemscope=\"itemscope\" itemtype=\"https:\/\/schema.org\/Table\" ><tbody><tr class='avia-heading-row'><th class=''>Chal\u00e9<\/th><th class=''>1 Pessoa<\/th><th class=''>2 Pessoas<\/th><th class=''>3 Pessoas<\/th><th class=''>4 Pessoas<\/th><th class=''>5 Pessoas<\/th><th class=''>6 Pessoas<\/th><\/tr><tr class=''><td class=''>Chal\u00e9 5<\/td><td class=''>R$ 250,00<\/td><td class=''>R$ 250,00<\/td><td class=''>R$ 280,00<\/td><td class=''>R$ 370,00<\/td><td class=''>R$ 450,00<\/td><td class=''>R$ 520,00<\/td><\/tr><tr class=''><td class=''>Chal\u00e9 7<\/td><td class=''>R$ 260,00<\/td><td class=''>R$ 260,00<\/td><td class=''>R$ 300,00<\/td><td class=''>R$ 390,00<\/td><td class=''><\/td><td class=''><\/td><\/tr><tr class=''><td class=''>Chal\u00e9 8<\/td><td class=''>R$ 280,00<\/td><td class=''>R$ 280,00<\/td><td class=''>R$ 360,00<\/td><td class=''>R$ 430,00<\/td><td class=''>R$ 530,00<\/td><td class=''>R$ 600,00<\/td><\/tr><\/tbody><\/table><\/div><style type='text\/css'>.avia-table-3 td:nth-of-type(1):before { content: 'Chal\u00e9'; } .avia-table-3 td:nth-of-type(2):before { content: '1 Pessoa'; } .avia-table-3 td:nth-of-type(3):before { content: '2 Pessoas'; } .avia-table-3 td:nth-of-type(4):before { content: '3 Pessoas'; } .avia-table-3 td:nth-of-type(5):before { content: '4 Pessoas'; } .avia-table-3 td:nth-of-type(6):before { content: '5 Pessoas'; } .avia-table-3 td:nth-of-type(7):before { content: '6 Pessoas'; } <\/style>\n\n<style type=\"text\/css\" data-created_by=\"avia_inline_auto\" id=\"style-css-av-av_textblock-3326d3317592321e340dbe8477480288\">\n#top .av_textblock_section.av-av_textblock-3326d3317592321e340dbe8477480288 .avia_textblock{\nfont-size:15px;\n}\n<\/style>\n<section  class='av_textblock_section av-av_textblock-3326d3317592321e340dbe8477480288'  itemscope=\"itemscope\" itemtype=\"https:\/\/schema.org\/CreativeWork\" ><div class='avia_textblock'  itemprop=\"text\" ><p>Consulte-nos: Carnaval, Feriados Prolongados, Datas Festivas e Eventos Especiais<\/p>\n<p>Amelia Pousada se reserva o direito de modificar, em qualquer momento e sem pr\u00e9vio aviso, a apresenta\u00e7\u00e3o e configura\u00e7\u00e3o do Servi\u00e7o, assim como as condi\u00e7\u00f5es requeridas. Podendo apresentar valor defasado devido a falta da atualiza\u00e7\u00e3o da p\u00e1gina do site.<\/p>\n<\/div><\/section>\n\n<\/div><\/div><\/div><!-- close content main div --><\/div><\/div><\/div>\n<style type=\"text\/css\" data-created_by=\"avia_inline_auto\" id=\"style-css-av-av_section-c5413cba9728b01ec1e900dd16fcf0d4\">\n.avia-section.av-av_section-c5413cba9728b01ec1e900dd16fcf0d4 .av-section-color-overlay{\nopacity:0.5;\nbackground-color:#dbdbdb;\nbackground-image:url(https:\/\/ameliapousada.com.br\/wp-content\/themes\/enfold\/images\/background-images\/dots-mini-light.png);\nbackground-repeat:repeat;\n}\n<\/style>\n<div id='av_section_4'  class='avia-section av-av_section-c5413cba9728b01ec1e900dd16fcf0d4 main_color avia-section-default avia-no-shadow  avia-builder-el-12  el_after_av_section  avia-builder-el-last  avia-bg-style-scroll av-section-color-overlay-active container_wrap fullsize'  ><div class=\"av-section-color-overlay-wrap\"><div class=\"av-section-color-overlay\"><\/div><div class='container av-section-cont-open' ><div class='template-page content  av-content-full alpha units'><div class='post-entry post-entry-type-page post-entry-2311'><div class='entry-content-wrapper clearfix'>\n\n<style type=\"text\/css\" data-created_by=\"avia_inline_auto\" id=\"style-css-av-av_textblock-3326d3317592321e340dbe8477480288\">\n#top .av_textblock_section.av-av_textblock-3326d3317592321e340dbe8477480288 .avia_textblock{\nfont-size:15px;\n}\n<\/style>\n<section  class='av_textblock_section av-av_textblock-3326d3317592321e340dbe8477480288'  itemscope=\"itemscope\" itemtype=\"https:\/\/schema.org\/CreativeWork\" ><div class='avia_textblock'  itemprop=\"text\" ><h2 style=\"text-align: center;\">VESPERATA<\/h2>\n<p style=\"text-align: center;\"><strong>APARTAMENTO STANDARD<br \/>\nPacote m\u00ednimo de 2 dias<br \/>\n<\/strong><\/p>\n<\/div><\/section>\n<div class='avia-data-table-wrap av-av_table-79567314f19fdf27597651e950bcbb3a avia_responsive_table avia-table-4'><table  class='avia-table avia-data-table avia_pricing_default  avia-builder-el-14  el_after_av_textblock  avia-builder-el-last '  itemscope=\"itemscope\" itemtype=\"https:\/\/schema.org\/Table\" ><tbody><tr class='avia-heading-row'><th class=''>DI\u00c1RIAS<\/th><th class=''>VALORES<\/th><th class=''>INCLUSO<\/th><\/tr><tr class=''><td class=''>Di\u00e1ria 1 pessoa (Apartamento Standard)<\/td><td class=''>R$200,00 a R$240,00<\/td><td class=''>Caf\u00e9 da manh\u00e3<\/td><\/tr><tr class=''><td class=''>Di\u00e1ria 2 pessoas (Apartamento Standard)<\/td><td class=''>R$260,00 a R$320,00<\/td><td class=''>Caf\u00e9 da manh\u00e3<\/td><\/tr><tr class=''><td class=''>Di\u00e1ria 3 pessoas (Apartamento Standard)<\/td><td class=''>R$300,00 a R$410,00<\/td><td class=''>Caf\u00e9 da manh\u00e3<\/td><\/tr><\/tbody><\/table><\/div><style type='text\/css'>.avia-table-4 td:nth-of-type(1):before { content: 'DI\u00c1RIAS'; } .avia-table-4 td:nth-of-type(2):before { content: 'VALORES'; } .avia-table-4 td:nth-of-type(3):before { content: 'INCLUSO'; } <\/style>\n\n","protected":false},"excerpt":{"rendered":"","protected":false},"author":1,"featured_media":0,"parent":0,"menu_order":0,"comment_status":"closed","ping_status":"closed","template":"","meta":{"footnotes":""},"class_list":["post-2311","page","type-page","status-publish","hentry","post-type-page","post-slug-2311-2","page-slug-2311-2"],"_links":{"self":[{"href":"https:\/\/ameliapousada.com.br\/en\/wp-json\/wp\/v2\/pages\/2311","targetHints":{"allow":["GET"]}}],"collection":[{"href":"https:\/\/ameliapousada.com.br\/en\/wp-json\/wp\/v2\/pages"}],"about":[{"href":"https:\/\/ameliapousada.com.br\/en\/wp-json\/wp\/v2\/types\/page"}],"author":[{"embeddable":true,"href":"https:\/\/ameliapousada.com.br\/en\/wp-json\/wp\/v2\/users\/1"}],"replies":[{"embeddable":true,"href":"https:\/\/ameliapousada.com.br\/en\/wp-json\/wp\/v2\/comments?post=2311"}],"version-history":[{"count":3,"href":"https:\/\/ameliapousada.com.br\/en\/wp-json\/wp\/v2\/pages\/2311\/revisions"}],"predecessor-version":[{"id":3067,"href":"https:\/\/ameliapousada.com.br\/en\/wp-json\/wp\/v2\/pages\/2311\/revisions\/3067"}],"wp:attachment":[{"href":"https:\/\/ameliapousada.com.br\/en\/wp-json\/wp\/v2\/media?parent=2311"}],"curies":[{"name":"wp","href":"https:\/\/api.w.org\/{rel}","templated":true}]}}